{"id":14,"date":"2016-05-23T05:51:52","date_gmt":"2016-05-23T05:51:52","guid":{"rendered":"http:\/\/www.scoalacatinabuzau.ro\/?page_id=14"},"modified":"2016-05-23T05:52:18","modified_gmt":"2016-05-23T05:52:18","slug":"inscrierea-in-invatamantul-primar","status":"publish","type":"page","link":"https:\/\/www.scoalacatinabuzau.ro\/?page_id=14","title":{"rendered":"Inscrierea in invatamantul primar"},"content":{"rendered":"<p>\u00ceNSCRIEREA \u00ceN \u00ceNV\u0102\u021a\u0102M\u00c2NTUL PRIMAR 2013-2014 Principalele elemente cuprinse \u00een Proiectul Metodologiei pentru \u00eenscrierea copiilor \u00een \u00eenv\u0103\u021b\u0103m\u00e2ntul primar \u00een anul \u0219colar 2013 \u2013 2014 16.03.2013<\/p>\n<p>CINE SE POATE \u00ceNSCRIE \u00ceN CLASA PREG\u0102TITOARE? Copiii care \u00eemplinesc v\u00e2rsta de 6 ani p\u00e2n\u0103 la 31 august 2013, inclusiv.\u00a0 La solicitarea p\u0103rin\u021bilor, copiii care \u00eemplinesc v\u00e2rsta de 6 ani \u00een perioada 1 septembrie \u2013 31 decembrie 2013, inclusiv, dac\u0103 evaluarea dezvolt\u0103rii psihosomatice atest\u0103 preg\u0103tirea pentru parcurgerea cu succes a clasei preg\u0103titoare.\u00a0 Orice alt\u0103 situa\u021bie va fi rezolvat\u0103 de c\u0103tre inspectoratele \u0219colare, \u00een interesul educa\u021bional al elevului \u0219i \u00een conformitate cu cadrul legal. CINE INTR\u0102 DIRECT \u00ceN CLASA I ?\u00a0 Copiii care \u00eemplinesc v\u00e2rsta de 7 ani p\u00e2n\u0103 la data de 31 august 2013, inclusiv, pot fi \u00eenscri\u0219i, la cerere, \u00een clasa I, chiar dac\u0103 nu au parcurs, anterior, clasa preg\u0103titoare.\u00a0 La solicitarea p\u0103rin\u021bilor, copiii care \u00eemplinesc v\u00e2rsta de 7 ani \u00een perioada 1 septembrie \u2013 31 decembrie 2013, inclusiv, dac\u0103 evaluarea dezvolt\u0103rii psihosomatice atest\u0103 preg\u0103tirea pentru parcurgerea cu succes a clasei I.\u00a0 Orice alt\u0103 situa\u021bie va fi rezolvat\u0103 de c\u0103tre inspectoratele \u0219colare, \u00een interesul educa\u021bional al elevului \u0219i \u00een conformitate cu cadrul legal.\u00a0 Aceste prevederi se aplic\u0103 pentru anul \u0219colar 2013-2014. LA CE UNITATE DE \u00ceNV\u0102\u021a\u0102M\u00c2NT POT S\u0102 \u00ceNSCRIU COPILUL?\u00a0 P\u0103rintele poate opta: a. pentru \u00eenscrierea la \u0219coala de circumscrip\u021bie \u2013 \u00een aceast\u0103 situa\u021bie, copilul este automat \u00eenscris. b. pentru o unitate de \u00eenv\u0103\u021b\u0103m\u00e2nt, alta dec\u00e2t \u0219coala de circumscrip\u021bie \u2013 \u00een aceast\u0103 situa\u021bie, copilul este \u00eenscris \u00een limita locurilor libere \u0219i, dac\u0103 este cazul, pe baza criteriilor generale \u0219i specifice de departajare.\u00a0 p\u0103rintele poate solicita ca locul la \u0219coala de circumscrip\u021bie s\u0103 fie rezervat pentru eventualitatea \u00een care copilul nu este \u00eenscris la unitatea de \u00eenv\u0103\u021b\u0103m\u00e2nt pentru care p\u0103rintele a f\u0103cut op\u021biunea. UNDE VOR AVEA LOC \u00ceNSCRIERILE?\u00a0 La unitatea de \u00eenv\u0103\u021b\u0103m\u00e2nt la care p\u0103rintele dore\u0219te \u00eenscrierea copilului.\u00a0 Cererile-tip de \u00eenscriere pot fi completate \u0219i validate direct la unitatea de \u00eenv\u0103\u021b\u0103m\u00e2nt la care p\u0103rintele dore\u0219te \u00eenscrierea copilului.\u00a0 Cererile-tip de \u00eenscriere pot fi completate \u0219i online, pe un formular disponibil la adresa www.edu.ro, acces\u00e2nd c\u0103su\u021ba de pe prima pagin\u0103, intitulat\u0103 \u00censcriere \u00een \u00eenv\u0103\u021b\u0103m\u00e2ntul primar. Formularul va fi disponibil online din data de 2 aprilie.\u00a0 \u00cen cazul complet\u0103rii online, p\u0103rintele va trebui s\u0103 mearg\u0103 la unitatea de \u00eenv\u0103\u021b\u0103m\u00e2nt la care dore\u0219te \u00eenscrierea copilului, pentru validarea cererii.<\/p>\n<p>CARE SUNT ACTELE NECESARE \u00ceNSCRIERII?\u00a0 Cerere-tip de \u00eenscriere\u00a0 Copii dup\u0103 actul de identitate al p\u0103rintelui\/tutorelui legal\u00a0 Certificatul de na\u0219tere al copilului\u00a0 Documentul care atest\u0103 dezvoltarea psihosomatic\u0103 corespunz\u0103toare pentru parcurgerea clasei preg\u0103titoare \/ clasei I (acolo unde este cazul).\u00a0 Alte documente care s\u0103 ateste \u00eendeplinirea criteriilor generale \u0219i\/sau specifice (acolo unde este cazul). CARE ESTE CALENDARUL \u00ceNSCRIERILOR?\u00a0 \u00censcrierile vor avea loc \u00een dou\u0103 etape. La etapa a doua particip\u0103 doar cei care nu au fost cuprin\u0219i \u00eentr-o unitate de \u00eenv\u0103\u021b\u0103m\u00e2nt, dup\u0103 prima etap\u0103. A. Prima etap\u0103: 02\u2013 22 aprilie &#8211; de luni p\u00e2n\u0103 vineri, \u00eentre orele 08.00 \u2013 20.00 &#8211; s\u00e2mb\u0103ta, \u00eentre orele 08.00 \u2013 13.00 &#8211; p\u0103rin\u021bii pot fi programa\u021bi pentru \u00eenscriere de c\u0103tre unitatea de \u00eenv\u0103\u021b\u0103m\u00e2nt B. A doua etap\u0103: 08 \u2013 17 mai\u00a0 Dac\u0103, dup\u0103 prima etap\u0103, copiii nu sunt cuprin\u0219i \u00een nicio unitate de \u00eenv\u0103\u021b\u0103m\u00e2nt, p\u0103rin\u021bii vor completa o nou\u0103 cerere de \u00eenscriere, repartizarea urm\u00e2nd s\u0103 se fac\u0103 pe locurile r\u0103mase disponibile dup\u0103 prima etap\u0103. Unit\u0103\u021bile de \u00eenv\u0103\u021b\u0103m\u00e2nt sunt obligate s\u0103 afi\u0219eze situa\u021bia copiilor \u00eenscri\u0219i \u0219i a locurilor r\u0103mase disponibile, dup\u0103 fiecare etap\u0103 de \u00eenscriere. CARE SUNT CRITERIILE DE DEPARTAJARE PE CARE UNIT\u0102\u021aILE DE \u00ceNV\u0102\u021a\u0102M\u00c2NT LE APLIC\u0102 ATUNCI C\u00c2ND SUNT MAI MUL\u021aI COPII PE LOC? I. Criterii generale:\u00a0 Are un anumit tip de handicap\u00a0 Este orfan de unul sau de ambii p\u0103rin\u021bi\u00a0 Provine de la casa de copii\/centru de plasament\/plasament familial\u00a0 Are un frate sau o sor\u0103 \u00eenmatriculat\/\u00eenmatriculat\u0103 \u00een unitatea de \u00eenv\u0103\u021b\u0103m\u00e2nt dorit\u0103 II. Criterii specifice:\u00a0 Sunt aplicate dup\u0103 criteriile generale \u0219i numai dac\u0103 acestea nu reu\u0219esc s\u0103 fac\u0103 departajarea \u00eentre copii, cu excep\u021bia situa\u021biilor prev\u0103zute de Metodologie.\u00a0 Sunt elaborate de c\u0103tre fiecare unitate de \u00eenv\u0103\u021b\u0103m\u00e2nt \u00een parte, dar sunt aplicate pe baza unor documente doveditoare, prezentate de c\u0103tre p\u0103rin\u021bi\/tutori legali \u0219i nu pot fi discriminatorii, respectiv trebuie s\u0103 \u021bin\u0103 cont de faptul c\u0103 to\u021bi copiii au drepturi egale, indiferent de condi\u021bia social\u0103, financiar\u0103, indiferent de na\u021bionalitate, ras\u0103, religie, confesiune, sex etc.<\/p>\n<p>DE UNDE \u00ce\u0218I VOR PUTEA LUA P\u0102RIN\u021aII INFORMA\u021aII?\u00a0 Din patru surse: 1) Internet &#8211; Inspectoratele \u0219colare generale vor crea, pe prima pagin\u0103 a site-urilor lor, o rubric\u0103, denumit\u0103 \u00censcrierea \u00een \u00eenv\u0103\u021b\u0103m\u00e2ntul primar 2013, care poate fi accesat\u0103 \u0219i de pe site-ul Ministerului Educa\u021biei Na\u021bionale, www.edu.ro, la rubrica \u00censcrierea \u00een \u00eenv\u0103\u021b\u0103m\u00e2ntul primar 2013. Pagina devine valabil\u0103 \u00eencep\u00e2nd cu data de 25 martie. 2) Direct de la \u0219coli, cu ocazia evenimentului Ziua por\u021bilor deschise. Fiecare unitate de \u00eenv\u0103\u021b\u0103m\u00e2nt \u00een care exist\u0103 clasa preg\u0103titoare are obliga\u021bia s\u0103 organizeze acest eveniment public \u00eentr-una din zilele din intervalul 30 martie \u2013 7 aprilie. P\u0103rin\u021bii \u0219i copiii vor putea vizita spa\u021biile \u0219i vor putea discuta cu cadrele didactice. 3) De la gr\u0103dini\u021be. \u00cen perioada 1-12 aprilie vor fi organizate \u00eent\u00e2lniri pentru informarea \u0219i consilierea p\u0103rin\u021bilor ai c\u0103ror copii se afl\u0103 \u00een gr\u0103din\u021b\u0103 \u0219i care vor fi cuprin\u0219i \u00een \u00eenv\u0103\u021b\u0103m\u00e2ntul primar \u00een anul \u0219colar 2013 \u2013 2014. 4) Telverde \u2013 poate fi apelat num\u0103rul 0 800 816 xyz, unde xyz reprezint\u0103 indicativul pentru jude\u021b (ex. Arad &#8211; 257). UNDE SE ORGANIZEAZ\u0102 CLASA PREG\u0102TITOARE?\u00a0 Clasa preg\u0103titoare face parte din \u00eenv\u0103\u021b\u0103m\u00e2ntul primar.\u00a0 Clasa preg\u0103titoare se poate organiza at\u00e2t \u00een spa\u021biile \u0219colilor, c\u00e2t \u0219i \u00een incinta gr\u0103dini\u021belor, \u00een func\u021bie de situa\u021bia particular\u0103 a fiec\u0103rei unit\u0103\u021bi de \u00eenv\u0103\u021b\u0103m\u00e2nt.\u00a0 Pentru informarea p\u0103rin\u021bilor \u0219i a publicului interesat \u0219i pentru a permite p\u0103rin\u021bilor luarea unor decizii \u00een cuno\u0219tin\u021b\u0103 de cauz\u0103 privitoare la op\u021biunea pentru o unitate de \u00eenv\u0103\u021b\u0103m\u00e2nt sau alta, fiecare unitate de \u00eenv\u0103\u021b\u0103m\u00e2nt va pune la dispozi\u021bie \u0219i informa\u021bii referitoare la locul de desf\u0103\u0219urare a activit\u0103\u021bii corespunz\u0103toare clasei preg\u0103titoare (\u00een spa\u021biul \u0219colilor sau a gr\u0103dini\u021belor), la posibilitatea organiz\u0103rii programului \u201e\u0218coala dup\u0103 \u0219coal\u0103\u201d, la organizarea \u0219i dotarea spa\u021biului \u0219colar etc. CE DIFEREN\u021aE EXIST\u0102 \u00ceNTRE CLASELE PREG\u0102TITOARE ORGANIZATE \u00ceN \u0218COLI \u0218I CELE ORGANIZATE \u00ceN INCINTA GR\u0102DINI\u021aELOR?\u00a0 Nu sunt diferen\u021be. Toate au fost g\u00e2ndite \u0219i amenajate astfel \u00eenc\u00e2t s\u0103 ofere cele mai bune condi\u021bii pentru desf\u0103\u0219urarea procesului educa\u021bional.\u00a0 \u00cen ambele locuri vor preda exclusiv \u00eenv\u0103\u021b\u0103tori\/\u00eenv\u0103\u021b\u0103toare care au urmat cursurile de formare pentru clasa preg\u0103titoare.\u00a0 Curriculum-ul va fi acela\u0219i, indiferent de locul unde se desf\u0103\u0219oar\u0103 cursurile pentru clasa preg\u0103titoare.\u00a0 Mobilierul este adaptat standardelor, comunicate \u00een urm\u0103 cu un an de c\u0103tre Ministerul S\u0103n\u0103t\u0103\u021bii, pentru copiii care intr\u0103 \u00een clasa preg\u0103titoare.\u00a0 Ministerul Educa\u021biei Na\u021bionale va continua programul privind dot\u0103rile cu mobilier \u0219i material didactic, specifice pentru clasa preg\u0103titoare, acolo unde unit\u0103\u021bile de \u00eenv\u0103\u021b\u0103m\u00e2nt vor solicita acest lucru, ca urmare a organiz\u0103rii unor clase suplimentare.<\/p>\n<p>EXIST\u0102 SUFICIENTE LOCURI PENTRU COPII LA CLASA PREG\u0102TITOARE?\u00a0 Da, fiecare copil are un loc asigurat. Num\u0103rul de locuri alocat prin cifra de \u0219colarizare pentru clasa preg\u0103titoare este mai mare sau egal cu num\u0103rul copiilor care au \u00eemplinit v\u00e2rsta pentru a \u00eencepe \u00eenv\u0103\u021b\u0103m\u00e2ntul primar. CE FEL DE ACTIVIT\u0102\u021aI SE VOR DESF\u0102\u0218URA LA CLASA PREG\u0102TITOARE?\u00a0 Copiii \u00ee\u015fi vor dezvolta capacitatea de a comunica, vor stabili sau consolida primele contacte cu lumea numerelor \u015fi a literelor, vor \u00eenv\u0103\u0163a s\u0103 observe mediul \u00eenconjur\u0103tor \u015fi s\u0103 interac\u0163ioneze cu ceilal\u0163i copii, prin jocuri didactice, activit\u0103\u0163i \u00een echip\u0103, activit\u0103\u0163i de descoperire, prin desen sau muzic\u0103.\u00a0 Se vor face mai multe ore de mi\u0219care (dou\u0103 ore de Educa\u021bie fizic\u0103 + dou\u0103 ore de Muzic\u0103 \u0219i mi\u0219care). CUM PROCEDEZ \u00ceN CAZUL \u00ceNV\u0102\u021a\u0102M\u00c2NTULUI PARTICULAR?\u00a0 \u00censcrierea se face \u00een prima etap\u0103 (02 \u2013 22 aprilie). \u00censcrierea se face direct la unitatea de \u00eenv\u0103\u021b\u0103m\u00e2nt sau pe formularul online, dac\u0103 unitatea de \u00eenv\u0103\u021b\u0103m\u00e2nt autorizat\u0103\/acreditat\u0103 \u0219i-a introdus toate datele \u00een aplica\u021bia informatic\u0103 pentru \u00eenscrierea \u00een clasa preg\u0103titoare, la fel ca unit\u0103\u021bile de \u00eenv\u0103\u021b\u0103m\u00e2nt de stat. Dac\u0103 nu, \u00eenscrierea se face doar la unitatea de \u00eenv\u0103\u021b\u0103m\u00e2nt. \u00cen cazul \u00eenscrierii online, validarea \u00eenscrierii se face la sediul unit\u0103\u021bii de \u00eenv\u0103\u021b\u0103m\u00e2nt dorite.\u00a0 Dac\u0103, dup\u0103 finalizarea primei etape, copilul nu este \u00eenmatriculat la unitatea de \u00eenv\u0103\u021b\u0103m\u00e2nt dorit\u0103 de p\u0103rinte, copilul poate fi \u00eenscris la \u0219coala de circumscrip\u021bie, numai dac\u0103 p\u0103rintele a solicitat \u0219i aceast\u0103 op\u021biune \u00een formularul de \u00eenscriere. \u00cen caz contrar, particip\u0103 la a doua etap\u0103 de \u00eenscriere (08 \u2013 17 mai).<\/p>\n","protected":false},"excerpt":{"rendered":"<p>\u00ceNSCRIEREA \u00ceN \u00ceNV\u0102\u021a\u0102M\u00c2NTUL PRIMAR 2013-2014 Principalele elemente cuprinse \u00een Proiectul Metodologiei pentru \u00eenscrierea copiilor \u00een \u00eenv\u0103\u021b\u0103m\u00e2ntul primar \u00een anul \u0219colar 2013 \u2013 2014 16.03.2013 CINE SE POATE \u00ceNSCRIE \u00ceN CLASA PREG\u0102TITOARE? Copiii care \u00eemplinesc v\u00e2rsta de 6 ani p\u00e2n\u0103 la 31 august 2013, inclusiv.\u00a0 La solicitarea p\u0103rin\u021bilor, copiii care \u00eemplinesc v\u00e2rsta de 6 ani \u00een [&hellip;]<\/p>\n","protected":false},"author":1,"featured_media":0,"parent":0,"menu_order":0,"comment_status":"closed","ping_status":"closed","template":"","meta":[],"_links":{"self":[{"href":"https:\/\/www.scoalacatinabuzau.ro\/index.php?rest_route=\/wp\/v2\/pages\/14"}],"collection":[{"href":"https:\/\/www.scoalacatinabuzau.ro\/index.php?rest_route=\/wp\/v2\/pages"}],"about":[{"href":"https:\/\/www.scoalacatinabuzau.ro\/index.php?rest_route=\/wp\/v2\/types\/page"}],"author":[{"embeddable":true,"href":"https:\/\/www.scoalacatinabuzau.ro\/index.php?rest_route=\/wp\/v2\/users\/1"}],"replies":[{"embeddable":true,"href":"https:\/\/www.scoalacatinabuzau.ro\/index.php?rest_route=%2Fwp%2Fv2%2Fcomments&post=14"}],"version-history":[{"count":2,"href":"https:\/\/www.scoalacatinabuzau.ro\/index.php?rest_route=\/wp\/v2\/pages\/14\/revisions"}],"predecessor-version":[{"id":16,"href":"https:\/\/www.scoalacatinabuzau.ro\/index.php?rest_route=\/wp\/v2\/pages\/14\/revisions\/16"}],"wp:attachment":[{"href":"https:\/\/www.scoalacatinabuzau.ro\/index.php?rest_route=%2Fwp%2Fv2%2Fmedia&parent=14"}],"curies":[{"name":"wp","href":"https:\/\/api.w.org\/{rel}","templated":true}]}}