{"id":205,"date":"2024-04-24T03:57:39","date_gmt":"2024-04-24T03:57:39","guid":{"rendered":"https:\/\/www.scoalacatinabuzau.ro\/?page_id=205"},"modified":"2025-10-27T08:46:42","modified_gmt":"2025-10-27T08:46:42","slug":"p-n-r-a-s","status":"publish","type":"page","link":"https:\/\/www.scoalacatinabuzau.ro\/?page_id=205","title":{"rendered":"Proiecte"},"content":{"rendered":"<h3><\/h3>\n<p><a href=\"http:\/\/www.scoalacatinabuzau.ro\/wp-content\/uploads\/2025\/10\/Anexa-22-cerere-de-oferta-si-oferta-IT.docx\"><strong>Anexa 22 cerere de oferta si oferta IT<\/strong><\/a><\/p>\n<p><a href=\"http:\/\/www.scoalacatinabuzau.ro\/wp-content\/uploads\/2025\/10\/ANUNT\u0326-I\u0302NCEPERE-PROIECT-\u2013-S\u0326COALA-CA\u0306TINA.pdf\"><strong>ANUNT\u0326 I\u0302NCEPERE PROIECT \u2013 S\u0326COALA CA\u0306TINA<\/strong><\/a><\/p>\n<p><a href=\"http:\/\/www.scoalacatinabuzau.ro\/wp-content\/uploads\/2025\/10\/ANUNT\u0326-DE-SELECT\u0326IE-EXPERT\u0326I-PROIECT-PNRAS-\u2013-S\u0326COALA-CA\u0306TINA.pdf\"><strong>ANUNT\u0326 DE SELECT\u0326IE EXPERT\u0326I PROIECT PNRAS \u2013 S\u0326COALA CA\u0306TINA<\/strong><\/a><\/p>\n<p><a href=\"http:\/\/www.scoalacatinabuzau.ro\/wp-content\/uploads\/2025\/10\/anunt-promovare-proiect.pdf\"><strong>Anunt promovare proiect<\/strong><\/a><\/p>\n<h3><strong>Proiecte <\/strong><strong>\u0219i parteneriate<\/strong><\/h3>\n<p>K-9 for humanity se desf\u0103\u0219oar\u0103 pe un parcurs de mai mul\u021bi ani \u0219i anual copiii sunt \u00eendruma\u021bi s\u0103 \u00eenve\u021be s\u0103 acorde primul ajutor \u0219i s\u0103 aib\u0103 un comportament adecvat \u00een cazul unor catastrofe naturale.<\/p>\n<p>La Taica Laz\u0103r &#8211; Magazin de Caritate \u2013 se pune un accent deosebit pe aspectele de caritate, generozitate \u0219i toleran\u021b\u0103, elevii particip\u0103 cu entuziasm \u0219i \u00eenva\u021b\u0103 de fiecare dat\u0103 c\u0103 a oferi \u00eenseamn\u0103 mult mai mult dec\u00e2t a primi.<\/p>\n<p>Baterel \u2013 se ofer\u0103 \u0219ansa de a avea un comportament ecologic \u0219i este \u00eencurajat\u0103protejarea mediului prin reciclarea obiectelor electrice.<\/p>\n<p>Un loc aparte \u00eel ocup\u0103 parteneriatul cu centrul de art\u0103 Alunis Art Center.<\/p>\n<p>\u00cen anul \u0219colar trecut ca \u0219i \u00een al\u021bi ani s-au organizat activit\u0103\u021bi \u00een parteneriat cu biserica ortodox\u0103 din localitate, cu alte \u0219coli din judet si din \u021bar\u0103 (\u0218coala Gimnazial\u0103 C. Giurescu Chiojdu, \u0218coala Gimnazial\u0103 Cisl\u0103u, precum \u0219i alte \u0219coli).<\/p>\n<p>\u00cen cadrul parteneriatelor cu biserica, elevii sunt motiva\u021bi s\u0103-\u0219i p\u0103streze credin\u021ba, s\u0103-\u0219i p\u0103streze tradi\u021biile \u0219i s\u0103 respecte regulile tradi\u021bionale \u00eembinate cu cele moderne pentru o via\u021b\u0103 demn\u0103.<\/p>\n<h3><strong><a href=\"https:\/\/www.scoalacatinabuzau.ro\/?page_id=209\">Reducerea abandonului \u0219colar<\/a><\/strong><\/h3>\n","protected":false},"excerpt":{"rendered":"<p>Anexa 22 cerere de oferta si oferta IT ANUNT\u0326 I\u0302NCEPERE PROIECT \u2013 S\u0326COALA CA\u0306TINA ANUNT\u0326 DE SELECT\u0326IE EXPERT\u0326I PROIECT PNRAS \u2013 S\u0326COALA CA\u0306TINA Anunt promovare proiect Proiecte \u0219i parteneriate K-9 for humanity se desf\u0103\u0219oar\u0103 pe un parcurs de mai mul\u021bi ani \u0219i anual copiii sunt \u00eendruma\u021bi s\u0103 \u00eenve\u021be s\u0103 acorde primul ajutor \u0219i s\u0103 aib\u0103 [&hellip;]<\/p>\n","protected":false},"author":1,"featured_media":0,"parent":0,"menu_order":0,"comment_status":"closed","ping_status":"closed","template":"","meta":[],"_links":{"self":[{"href":"https:\/\/www.scoalacatinabuzau.ro\/index.php?rest_route=\/wp\/v2\/pages\/205"}],"collection":[{"href":"https:\/\/www.scoalacatinabuzau.ro\/index.php?rest_route=\/wp\/v2\/pages"}],"about":[{"href":"https:\/\/www.scoalacatinabuzau.ro\/index.php?rest_route=\/wp\/v2\/types\/page"}],"author":[{"embeddable":true,"href":"https:\/\/www.scoalacatinabuzau.ro\/index.php?rest_route=\/wp\/v2\/users\/1"}],"replies":[{"embeddable":true,"href":"https:\/\/www.scoalacatinabuzau.ro\/index.php?rest_route=%2Fwp%2Fv2%2Fcomments&post=205"}],"version-history":[{"count":7,"href":"https:\/\/www.scoalacatinabuzau.ro\/index.php?rest_route=\/wp\/v2\/pages\/205\/revisions"}],"predecessor-version":[{"id":274,"href":"https:\/\/www.scoalacatinabuzau.ro\/index.php?rest_route=\/wp\/v2\/pages\/205\/revisions\/274"}],"wp:attachment":[{"href":"https:\/\/www.scoalacatinabuzau.ro\/index.php?rest_route=%2Fwp%2Fv2%2Fmedia&parent=205"}],"curies":[{"name":"wp","href":"https:\/\/api.w.org\/{rel}","templated":true}]}}