{"id":23,"date":"2016-05-23T06:01:18","date_gmt":"2016-05-23T06:01:18","guid":{"rendered":"http:\/\/www.scoalacatinabuzau.ro\/?page_id=23"},"modified":"2024-10-12T14:35:52","modified_gmt":"2024-10-12T14:35:52","slug":"contact","status":"publish","type":"page","link":"https:\/\/www.scoalacatinabuzau.ro\/?page_id=23","title":{"rendered":"Contact"},"content":{"rendered":"<p style=\"text-align: center;\"><strong>SCOALA GIMNAZIALA NR.1 COMUNA CATINA<\/strong><\/p>\n<p>\u015ecoala Gimnaziala Nr.1 comuna Catina, este o institu\u0163ie de \u00eenv\u0103\u0163\u0103m\u00e2nt cu personalitate juridic\u0103, av\u00e2nd \u00een componenta urmatoarele structuri:<\/p>\n<p>&#8211; SCOALA GIMNAZIALA NR.2 CORBU<\/p>\n<p>&#8211; SCOALA PRIMARA NR.1 VALEA-CATINII<\/p>\n<p>&#8211; SCOALA PRIMARA NR.2 ZELETIN<\/p>\n<p>&#8211; GPN NR.1 CATINA<\/p>\n<p>&#8211; GPN NR.2 CORBU<\/p>\n<p>&#8211; GPN NR.3 VALEA-CATINII<\/p>\n<p>&#8211; GPN NR.4 ZELETIN-SLOBOZIA<\/p>\n<p style=\"text-align: center;\"><strong>\u00a0Cod Postal: 127145<\/strong><\/p>\n<p style=\"text-align: center;\"><strong>\u00a0 Cod Fiscal: 29079984<\/strong><\/p>\n<p style=\"text-align: center;\"><strong>\u00a0 Adresa E-Mail 1: scoala.catina@yahoo.com<\/strong><\/p>\n<p style=\"text-align: center;\"><strong>Adresa E-Mail 2: catinascoala@gmail.com<\/strong><\/p>\n<p style=\"text-align: center;\"><strong>\u00a0\u00a0 Telefon si fax: 0238 504 057<\/strong><\/p>\n<p style=\"text-align: center;\"><strong>DIRECTOR &#8211; OPREA ELENA 0761423887<\/strong><\/p>\n<p style=\"text-align: center;\"><b>Url:\u00a0<a href=\"http:\/\/scoalacindesti.judet-buzau.ro\/\">http:\/\/www.scoalacatinabuzau.ro\/<\/a><\/b><\/p>\n<p style=\"text-align: center;\">\n","protected":false},"excerpt":{"rendered":"<p>SCOALA GIMNAZIALA NR.1 COMUNA CATINA \u015ecoala Gimnaziala Nr.1 comuna Catina, este o institu\u0163ie de \u00eenv\u0103\u0163\u0103m\u00e2nt cu personalitate juridic\u0103, av\u00e2nd \u00een componenta urmatoarele structuri: &#8211; SCOALA GIMNAZIALA NR.2 CORBU &#8211; SCOALA PRIMARA NR.1 VALEA-CATINII &#8211; SCOALA PRIMARA NR.2 ZELETIN &#8211; GPN NR.1 CATINA &#8211; GPN NR.2 CORBU &#8211; GPN NR.3 VALEA-CATINII &#8211; GPN NR.4 ZELETIN-SLOBOZIA \u00a0Cod [&hellip;]<\/p>\n","protected":false},"author":1,"featured_media":0,"parent":0,"menu_order":0,"comment_status":"closed","ping_status":"closed","template":"","meta":[],"_links":{"self":[{"href":"https:\/\/www.scoalacatinabuzau.ro\/index.php?rest_route=\/wp\/v2\/pages\/23"}],"collection":[{"href":"https:\/\/www.scoalacatinabuzau.ro\/index.php?rest_route=\/wp\/v2\/pages"}],"about":[{"href":"https:\/\/www.scoalacatinabuzau.ro\/index.php?rest_route=\/wp\/v2\/types\/page"}],"author":[{"embeddable":true,"href":"https:\/\/www.scoalacatinabuzau.ro\/index.php?rest_route=\/wp\/v2\/users\/1"}],"replies":[{"embeddable":true,"href":"https:\/\/www.scoalacatinabuzau.ro\/index.php?rest_route=%2Fwp%2Fv2%2Fcomments&post=23"}],"version-history":[{"count":7,"href":"https:\/\/www.scoalacatinabuzau.ro\/index.php?rest_route=\/wp\/v2\/pages\/23\/revisions"}],"predecessor-version":[{"id":252,"href":"https:\/\/www.scoalacatinabuzau.ro\/index.php?rest_route=\/wp\/v2\/pages\/23\/revisions\/252"}],"wp:attachment":[{"href":"https:\/\/www.scoalacatinabuzau.ro\/index.php?rest_route=%2Fwp%2Fv2%2Fmedia&parent=23"}],"curies":[{"name":"wp","href":"https:\/\/api.w.org\/{rel}","templated":true}]}}