{"id":27,"date":"2016-05-23T06:21:31","date_gmt":"2016-05-23T06:21:31","guid":{"rendered":"http:\/\/www.scoalacatinabuzau.ro\/?page_id=27"},"modified":"2016-05-23T06:40:27","modified_gmt":"2016-05-23T06:40:27","slug":"programul-sa-stii-mai-multe-sa-fii-mai-bun","status":"publish","type":"page","link":"https:\/\/www.scoalacatinabuzau.ro\/?page_id=27","title":{"rendered":"Programul Sa stii mai multe, sa fii mai bun"},"content":{"rendered":"<p style=\"text-align: center;\"><strong>Programul Sa stii mai multe, sa fii mai bun<\/strong><\/p>\n<p style=\"text-align: center;\"><strong>RAPORT FINAL<\/strong><\/p>\n<p><strong>Titlul Proiectului\/Proiectelor:<br \/>\n<\/strong><\/p>\n<p><strong>1.Fenomene naturale spectaculoase\u00a0\u00a0\u00a0\u00a0\u00a0\u00a0\u00a0\u00a0\u00a0\u00a0\u00a0\u00a0\u00a0\u00a0\u00a0\u00a0\u00a0\u00a0\u00a0<\/strong><\/p>\n<p><strong>2.Prieteni prin sport\u00a0<\/strong><\/p>\n<p><strong>3.Sa-l cunoastem mai bine pe Caragiale<\/strong><\/p>\n<p><strong>\u00a04.Romania turistica\u00a0<\/strong><\/p>\n<p><strong>5.Localitatea in imagini:\u201dSalvati trovantii\u201d<\/strong><\/p>\n<p><strong>6.Traieste sanatos mananca inteligent<\/strong><\/p>\n<p><strong>7.Copiii dau exemplu<\/strong><\/p>\n<p><strong>8.Cafeneaua mondiala<\/strong><\/p>\n<p><strong>9.Drumul Crucii-Urcus spre Inviere<\/strong><\/p>\n<p><strong>10.Pamantul o planeta mai curata<\/strong><\/p>\n<p><strong>11.\u201dCine stie castiga\u201d<\/strong><\/p>\n<p><strong>12.Azi prescolar maine scolar<\/strong><\/p>\n<p><strong>2.\u00a0\u00a0\u00a0\u00a0\u00a0\u00a0Num\u0103rul de activit\u0103\u0163i derulate:33<\/strong><\/p>\n<p><strong>3.\u00a0\u00a0\u00a0\u00a0\u00a0\u00a0Tipuri de activit\u0103\u0163i derulate[1]:\u00a0<\/strong><\/p>\n<p><strong>-cultural artistice<\/strong><\/p>\n<p><strong>-activitati sportive<\/strong><\/p>\n<p><strong>-activitati de educatie pentru cetatenie democratica<\/strong><\/p>\n<p><strong>-activitati de educatie pentru sanatate<\/strong><\/p>\n<p><strong>-activitati practice<\/strong><\/p>\n<p><strong>-concursuri<\/strong><\/p>\n<p><strong>4.\u00a0\u00a0\u00a0\u00a0\u00a0\u00a0Resursele implicate\u00a0<\/strong>(num\u0103r cadre didactice, num\u0103r elevi, p\u0103rin\u0163i, parteneri institutionali, ONG-uri etc.):<strong>\u00a0Toti elevii, toate cadrele didactice,13 parinti, Politia locala, Biserica<\/strong><\/p>\n<p><strong>5.\u00a0\u00a0\u00a0\u00a0\u00a0\u00a0Parteneri implica\u0163i\u00a0<\/strong>(numele institu\u0163iei, proiectul)<strong>:\u00a0<\/strong><\/p>\n<p><strong>1.Scoala Catina<\/strong><\/p>\n<p><strong>2.Biserica Valea-Catinei<\/strong><\/p>\n<p><strong>3.Politia Catina\u00a0<\/strong><\/p>\n<p><strong>4.I.S.U Maruntisu<\/strong><br \/>\n<strong>\u00a0<\/strong><\/p>\n<p><strong>6.\u00a0\u00a0\u00a0\u00a0\u00a0\u00a0Spa\u0163ii de desf\u0103\u015furare a activit\u0103\u0163ilor\u00a0<\/strong>(\u00een cazul \u00een care au fost \u015fi altele, \u00een afara unit\u0103\u0163ii de \u00eenv\u0103\u0163\u0103m\u00e2nt)<strong>: Imprejurimile localitatii, Biserica Valea-Catinei,Scoala Catina, ISU Marutisu<\/strong><\/p>\n<p><strong>Obiectivele urm\u0103rite:<\/strong><\/p>\n<p>a.\u00a0\u00a0\u00a0\u00a0 Elevii vor invata notiuni noi prin intermediul jocurilor<\/p>\n<p>b.\u00a0\u00a0\u00a0\u00a0 Dezvoltarea armonioasa a copilului prin activitati sportive<\/p>\n<p>c.\u00a0\u00a0\u00a0\u00a0 Formarea si cultivarea interesului pentru locul natal<\/p>\n<p>d.\u00a0\u00a0\u00a0\u00a0 Dezvoltarea abilitatilor de orientare<\/p>\n<p>e.\u00a0\u00a0\u00a0\u00a0 Formarea unei atitudini ecologice responsabile<\/p>\n<p><strong>7.\u00a0\u00a0\u00a0\u00a0\u00a0\u00a0Proceduri\/ criterii \u00a0de evaluare a activit\u0103\u0163ii:<\/strong><\/p>\n<p>a.\u00a0\u00a0\u00a0\u00a0 Dosare tematice<\/p>\n<p>b.\u00a0\u00a0\u00a0\u00a0 Lucrari realizate de copii<\/p>\n<p>c.\u00a0\u00a0\u00a0\u00a0 Fotografii<\/p>\n<p>d.\u00a0\u00a0\u00a0\u00a0 CD-uri<\/p>\n<p>e.\u00a0\u00a0\u00a0\u00a0 Diplome<\/p>\n<p>f.\u00a0\u00a0\u00a0\u00a0\u00a0\u00a0 Competitii sportive<\/p>\n<p><strong>8.\u00a0\u00a0\u00a0\u00a0\u00a0\u00a0Rezultate \u00eenregistrate (aprecieri calitative si cantitative):<\/strong><\/p>\n<p>Implicarea si participarea la activitati a tuturor elevilor din scoala.<\/p>\n<p>Imbunatatirea interesului elevilor pentru activitatile de ecologizare.<\/p>\n<p>Formarea deprinderilor de a lucra in echipa.<\/p>\n<p>Imbogatirea orizonturilor culturale.<\/p>\n<p><strong>9.\u00a0\u00a0\u00a0\u00a0\u00a0\u00a0ANALIZA SWOT:<\/strong><\/p>\n<p><strong>\u00a0<\/strong><\/p>\n<p>a.\u00a0\u00a0\u00a0\u00a0\u00a0<strong>Puncte tari:<\/strong><\/p>\n<p>Implicarea tuturor elevilor in cadrul activitatilor.<\/p>\n<p>Buna colaborare cu institutiile locale in special cu Politia.<\/p>\n<p>Interesul copiilor pentru activitatile din aer liber.<\/p>\n<p>Majoritatea obiectivelor propuse s-au reazilat.<\/p>\n<p>b.\u00a0\u00a0\u00a0<strong>Puncte slabe:<\/strong><\/p>\n<p>Interesul scazut al elevilor pentru participarea la concursurile tematice.<\/p>\n<p>Parintii s-au implicat foarte putin in activitatile desfasurate.<\/p>\n<p>Cateva activitati nu au fost atractiv organizate.<\/p>\n<p><strong>\u00a0<\/strong><\/p>\n<p>c.\u00a0\u00a0\u00a0<strong>Oportunit\u0103\u0163i:<\/strong><\/p>\n<p>Deschiderea orizonturilor catre placerea de a practica unele meserii(pompieri;politisti)<\/p>\n<p>Descoperirea de talente creative la elevi (desene deosebite;creatii literare)<\/p>\n<p>Buna cooperare si socializare intre copii din clase diferite prin formarea de echipe mixte.<\/p>\n<p>Promovarea ideilor proprii ale copiilor si punerea lor in practica.<\/p>\n<p>Implicarea activa a unor institutii locale prin parteneriate.<\/p>\n<p>d.\u00a0\u00a0\u00a0<strong>Amenin\u0163\u0103ri:<\/strong><\/p>\n<p>Interesul scazut al elevilor pentru unele activitati scolare.<\/p>\n<p>Iesirea din tiparul curricular.<\/p>\n<p>Utilizarea bazei materiale a scolii in desfasurarea unei activitati.<\/p>\n<p><strong>10.\u00a0\u00a0Recomand\u0103ri, sugestii (din partea elevilor, parintilor, cadrelor didactice, partenerilor de proiecte):<\/strong><\/p>\n<p><strong>\u00a0<\/strong><\/p>\n<p>Organizarea mai multor activitati de ordin civic.<\/p>\n<p>Organizarea de excursii la locurile de munca ale unor parinti.<\/p>\n<p>Atragerea de sponsori pentru sustinerea activitatilor desfasurate.<\/p>\n<p><strong>11.\u00a0\u00a0Anexe:<\/strong><\/p>\n<p><strong>CD &#8211; fotografii, filme, copii ale parteneriatelor institu\u0163ionale; exemple de bun\u0103 practic\u0103 etc..<\/strong><\/p>\n<p><strong>\u00a0<\/strong><\/p>\n<p>Director,\u00a0\u00a0\u00a0\u00a0\u00a0\u00a0\u00a0\u00a0\u00a0 \u00a0\u00a0\u00a0\u00a0\u00a0\u00a0\u00a0 \u00a0\u00a0\u00a0\u00a0\u00a0\u00a0\u00a0\u00a0\u00a0\u00a0\u00a0\u00a0\u00a0\u00a0\u00a0\u00a0\u00a0\u00a0\u00a0\u00a0\u00a0\u00a0\u00a0\u00a0\u00a0\u00a0\u00a0\u00a0\u00a0\u00a0\u00a0\u00a0\u00a0\u00a0\u00a0\u00a0\u00a0\u00a0\u00a0\u00a0\u00a0\u00a0\u00a0\u00a0\u00a0\u00a0\u00a0\u00a0\u00a0\u00a0\u00a0\u00a0\u00a0\u00a0\u00a0\u00a0\u00a0\u00a0\u00a0\u00a0\u00a0\u00a0\u00a0\u00a0\u00a0\u00a0\u00a0\u00a0\u00a0\u00a0\u00a0Coordonator educativ,<\/p>\n<p><strong>Prof. Mariana Nanau\u00a0\u00a0\u00a0\u00a0\u00a0\u00a0\u00a0\u00a0\u00a0\u00a0\u00a0\u00a0\u00a0\u00a0\u00a0\u00a0\u00a0\u00a0\u00a0\u00a0\u00a0\u00a0\u00a0\u00a0\u00a0\u00a0\u00a0\u00a0\u00a0\u00a0\u00a0\u00a0\u00a0\u00a0 \u00a0\u00a0\u00a0\u00a0\u00a0\u00a0\u00a0\u00a0\u00a0\u00a0\u00a0\u00a0\u00a0\u00a0\u00a0\u00a0\u00a0\u00a0\u00a0\u00a0\u00a0\u00a0\u00a0\u00a0\u00a0\u00a0\u00a0\u00a0\u00a0\u00a0\u00a0\u00a0\u00a0\u00a0\u00a0\u00a0\u00a0\u00a0\u00a0\u00a0\u00a0\u00a0\u00a0\u00a0\u00a0\u00a0 Prof. Elena Oprea\u00a0\u00a0\u00a0\u00a0<\/strong><\/p>\n<p>[1]\u00a0Enumerarea tipului de activit\u0103\u0163i (ex. culturale, artistice, ecologice, sportive, cet\u0103\u0163enie democratic\u0103, voluntariat etc.)<\/p>\n<p style=\"text-align: center;\">\n<p style=\"text-align: center;\"><img decoding=\"async\" loading=\"lazy\" class=\"aligncenter wp-image-32 size-full\" src=\"http:\/\/www.scoalacatinabuzau.ro\/wp-content\/uploads\/2016\/05\/1.jpg\" alt=\"1\" width=\"1024\" height=\"768\" srcset=\"https:\/\/www.scoalacatinabuzau.ro\/wp-content\/uploads\/2016\/05\/1.jpg 1024w, https:\/\/www.scoalacatinabuzau.ro\/wp-content\/uploads\/2016\/05\/1-300x225.jpg 300w, https:\/\/www.scoalacatinabuzau.ro\/wp-content\/uploads\/2016\/05\/1-768x576.jpg 768w\" sizes=\"(max-width: 1024px) 100vw, 1024px\" \/><\/p>\n<p style=\"text-align: center;\"><img decoding=\"async\" loading=\"lazy\" class=\"alignnone size-full wp-image-33\" src=\"http:\/\/www.scoalacatinabuzau.ro\/wp-content\/uploads\/2016\/05\/2.jpg\" alt=\"2\" width=\"1024\" height=\"768\" srcset=\"https:\/\/www.scoalacatinabuzau.ro\/wp-content\/uploads\/2016\/05\/2.jpg 1024w, https:\/\/www.scoalacatinabuzau.ro\/wp-content\/uploads\/2016\/05\/2-300x225.jpg 300w, https:\/\/www.scoalacatinabuzau.ro\/wp-content\/uploads\/2016\/05\/2-768x576.jpg 768w\" sizes=\"(max-width: 1024px) 100vw, 1024px\" \/><\/p>\n<p style=\"text-align: center;\"><img decoding=\"async\" loading=\"lazy\" class=\"alignnone size-full wp-image-34\" src=\"http:\/\/www.scoalacatinabuzau.ro\/wp-content\/uploads\/2016\/05\/3.jpg\" alt=\"3\" width=\"1024\" height=\"768\" srcset=\"https:\/\/www.scoalacatinabuzau.ro\/wp-content\/uploads\/2016\/05\/3.jpg 1024w, https:\/\/www.scoalacatinabuzau.ro\/wp-content\/uploads\/2016\/05\/3-300x225.jpg 300w, https:\/\/www.scoalacatinabuzau.ro\/wp-content\/uploads\/2016\/05\/3-768x576.jpg 768w\" sizes=\"(max-width: 1024px) 100vw, 1024px\" \/><\/p>\n<p style=\"text-align: center;\"><img decoding=\"async\" loading=\"lazy\" class=\"aligncenter wp-image-35 size-full\" src=\"http:\/\/www.scoalacatinabuzau.ro\/wp-content\/uploads\/2016\/05\/4.jpg\" alt=\"4\" width=\"640\" height=\"480\" srcset=\"https:\/\/www.scoalacatinabuzau.ro\/wp-content\/uploads\/2016\/05\/4.jpg 640w, https:\/\/www.scoalacatinabuzau.ro\/wp-content\/uploads\/2016\/05\/4-300x225.jpg 300w\" sizes=\"(max-width: 640px) 100vw, 640px\" \/><\/p>\n<p style=\"text-align: center;\"><img decoding=\"async\" loading=\"lazy\" class=\"alignnone size-full wp-image-30\" src=\"http:\/\/www.scoalacatinabuzau.ro\/wp-content\/uploads\/2016\/05\/5.jpg\" alt=\"5\" width=\"640\" height=\"480\" srcset=\"https:\/\/www.scoalacatinabuzau.ro\/wp-content\/uploads\/2016\/05\/5.jpg 640w, https:\/\/www.scoalacatinabuzau.ro\/wp-content\/uploads\/2016\/05\/5-300x225.jpg 300w\" sizes=\"(max-width: 640px) 100vw, 640px\" \/><\/p>\n<p style=\"text-align: center;\">\n","protected":false},"excerpt":{"rendered":"<p>Programul Sa stii mai multe, sa fii mai bun RAPORT FINAL Titlul Proiectului\/Proiectelor: 1.Fenomene naturale spectaculoase\u00a0\u00a0\u00a0\u00a0\u00a0\u00a0\u00a0\u00a0\u00a0\u00a0\u00a0\u00a0\u00a0\u00a0\u00a0\u00a0\u00a0\u00a0\u00a0 2.Prieteni prin sport\u00a0 3.Sa-l cunoastem mai bine pe Caragiale \u00a04.Romania turistica\u00a0 5.Localitatea in imagini:\u201dSalvati trovantii\u201d 6.Traieste sanatos mananca inteligent 7.Copiii dau exemplu 8.Cafeneaua mondiala 9.Drumul Crucii-Urcus spre Inviere 10.Pamantul o planeta mai curata 11.\u201dCine stie castiga\u201d 12.Azi prescolar maine [&hellip;]<\/p>\n","protected":false},"author":1,"featured_media":0,"parent":0,"menu_order":0,"comment_status":"closed","ping_status":"closed","template":"","meta":[],"_links":{"self":[{"href":"https:\/\/www.scoalacatinabuzau.ro\/index.php?rest_route=\/wp\/v2\/pages\/27"}],"collection":[{"href":"https:\/\/www.scoalacatinabuzau.ro\/index.php?rest_route=\/wp\/v2\/pages"}],"about":[{"href":"https:\/\/www.scoalacatinabuzau.ro\/index.php?rest_route=\/wp\/v2\/types\/page"}],"author":[{"embeddable":true,"href":"https:\/\/www.scoalacatinabuzau.ro\/index.php?rest_route=\/wp\/v2\/users\/1"}],"replies":[{"embeddable":true,"href":"https:\/\/www.scoalacatinabuzau.ro\/index.php?rest_route=%2Fwp%2Fv2%2Fcomments&post=27"}],"version-history":[{"count":4,"href":"https:\/\/www.scoalacatinabuzau.ro\/index.php?rest_route=\/wp\/v2\/pages\/27\/revisions"}],"predecessor-version":[{"id":37,"href":"https:\/\/www.scoalacatinabuzau.ro\/index.php?rest_route=\/wp\/v2\/pages\/27\/revisions\/37"}],"wp:attachment":[{"href":"https:\/\/www.scoalacatinabuzau.ro\/index.php?rest_route=%2Fwp%2Fv2%2Fmedia&parent=27"}],"curies":[{"name":"wp","href":"https:\/\/api.w.org\/{rel}","templated":true}]}}