{"id":4,"date":"2016-05-13T09:27:16","date_gmt":"2016-05-13T09:27:16","guid":{"rendered":"http:\/\/www.scoalacatinabuzau.ro\/?page_id=4"},"modified":"2024-10-12T14:38:25","modified_gmt":"2024-10-12T14:38:25","slug":"despre-noi","status":"publish","type":"page","link":"https:\/\/www.scoalacatinabuzau.ro\/","title":{"rendered":"Despre noi"},"content":{"rendered":"<div class=\"I_52qC D_FY W_6D6F\" data-test-id=\"message-view-body\">\n<div class=\"msg-body P_wpofO mq_AS\" data-test-id=\"message-view-body-content\">\n<div class=\"jb_0 X_6MGW N_6Fd5\">\n<div id=\"yiv2107054661\">\n<h3 dir=\"ltr\">&#8212;&#8212;&#8212;&#8212;&#8212;&#8212;&#8212;&#8212;&#8212;&#8212;&#8212;&#8212;&#8212;&#8212;&#8212;&#8212;&#8212;&#8212;&#8212;&#8212;<\/h3>\n<h3 dir=\"ltr\"><b>Programul activit\u0103\u021bilor de \u00eenv\u0103\u021bare conform orarului \u0219colii :<\/b><\/h3>\n<h3 dir=\"ltr\"><b>PROGRAM PRESCOLARI 7:30-12:30<br \/>\n<\/b><\/h3>\n<h3 dir=\"ltr\"><b>CICLUL PRIMAR 8:00-11:30<br \/>\n<\/b><\/h3>\n<h3 dir=\"ltr\"><b>CICLUL GIMNAZIAL 12:30-18:20<br \/>\n<\/b><\/h3>\n<\/div>\n<\/div>\n<\/div>\n<h3 class=\"jb_0 X_6MGW N_6Fd5\">&#8212;&#8212;&#8212;&#8212;&#8212;&#8212;&#8212;&#8212;&#8212;&#8212;&#8212;&#8212;&#8212;&#8212;&#8212;&#8212;&#8212;&#8212;&#8212;&#8212;&#8211;<\/h3>\n<\/div>\n<h2 style=\"text-align: center;\"><strong>\u0218coala \u0219i comunitatea<\/strong><\/h2>\n<p>\u0218coala Gimnazial\u0103 nr. 1 se afl\u0103 \u00een Mun\u021bii Siriu, pe valea B\u00e2sc\u0103i Chiojdului.Cl\u0103direa \u0219colii a fost dat\u0103 \u00een folosin\u021b\u0103 \u00een anul 2013, construit\u0103 datorit\u0103 acces\u0103rii unui proiect cu Banca Mondial\u0103.<\/p>\n<p>Cl\u0103direa are 4 s\u0103li de clas\u0103 \u0219i un laborator, orele de curs se desf\u0103\u0219oar\u0103 \u00een 2 schimburi.<\/p>\n<p style=\"text-align: left;\">Corpul vechi al Scolii Gimnaziale Nr. 1 Catina a fost construit in anul 1960, cu 5 sali de clasa, hol, cancelarie, biblioteca, cabinet director si magazie. La salile construite au fost atasate inca 2 sali de clasa in anul 1981.<\/p>\n<p>Elevii \u0219colii \u00eempreun\u0103 cu cadrele didactice particip\u0103 \u00eentotdeauna cu entuziasm la eventimentele ce au loc cu diferite ocazii.<\/p>\n<p>Anual elevii particip\u0103 la s\u0103rb\u0103toarea comunei \u2013 T\u00e2rgul Dr\u0103gaica.<\/p>\n<p>Din cele mai vechi timpuri \u0219coala a fost aproape de comunitate \u0219i a oferit deschideri \u0219i oportunit\u0103\u021bi pentru fiecare membru al comunit\u0103\u021bii.<\/p>\n<p>Ob\u0219tea mo\u0219nenilor c\u0103tineni a fost o asocia\u021bie prosper\u0103 care a spijinit activitatea \u0219colii.<\/p>\n<p>\u00cen anii comunismului \u0219coala a \u00eenfiin\u021bat \u00eempreun\u0103 cu comunitatea grupul Fluiera\u0219ii, un grup b\u0103rb\u0103tesc alc\u0103tuit din b\u0103ie\u021bi \u0219i b\u0103rba\u021bi care c\u00e2ntau la fluier, condu\u0219i \u0219i \u00eendruma\u021bi de \u00eenv\u0103\u021b\u0103torul Tudoracea Gheorghe. Grupul a ajuns s\u0103 fie cunoscut la nivel na\u021bional prin intermediul Festivalului cultural national C\u00e2ntarea Rom\u00e2niei. C\u00e2\u021biva dintre membrii grupului au reu\u0219it s\u0103 p\u0103streze tradi\u021bia \u0219i ast\u0103zi \u00eenc\u0103 mai exist\u0103 c\u00e2\u021biva b\u0103rba\u021bi \u0219i copii care duc tradi\u021bia c\u00e2ntatului la fluier mai departe.<\/p>\n<h2><\/h2>\n<h2 style=\"text-align: center;\"><strong>Viziune<\/strong><\/h2>\n<p><strong><em>&#8220;\u0218coala noastr\u0103- mediu democratic \u0219i creativ de dezvoltare pentru to\u021bi \u0219i pentru fiecare.&#8221;<\/em><\/strong><\/p>\n<p style=\"text-align: center;\"><strong><u>MISIUNEA ORGANI<\/u><\/strong><strong><u>ZA\u021aIEI \u0218COLARE<\/u><\/strong><\/p>\n<p><strong><em>\u0218coala Gimnazial\u0103 nr.1 C\u0103tina \u00ee\u0219i propune:<\/em><\/strong><\/p>\n<p>S\u0103 asigure accesul la toate nivelurile de \u00eenv\u0103\u021b\u0103m\u00e2nt din perspectiva form\u0103rii abilit\u0103\u021bilor \u0219i competen\u021belor pentru relizarea succesului personal \u0219i profesional, \u00een contextul social actual;<\/p>\n<p>S\u0103 dezvolte interesul pentru emancipare \u0219i educa\u021bie permanent\u0103, printr-un \u00eenv\u0103\u021b\u0103m\u00e2nt axat pe disponibilitatea continu\u0103 pentru cunoa\u0219tere \u0219i actiune;<\/p>\n<p>S\u0103 asigure fiec\u0103rui elev condi\u021biile pentru cea mai bun\u0103, complet\u0103\u0219i util\u0103 dezvoltare, \u00een parteneriat cu actorii sociali, promov\u00e2nd toleran\u021ba \u0219i \u00een\u021belegerea \u00eentre copiii de origine socio-cultural\u0103 diferit\u0103;<\/p>\n<p>S\u0103 creeze cadrul organizatoric \u0219i func\u021bional favorabil, cre\u0219terii calit\u0103\u021bii serviciilor educative \u0219i a contribu\u021biei acesteia la dezvoltarea personal\u0103 a elevilor \u0219i a comunit\u0103\u021bii, promov\u0103rii valorilor europene \u0219i ale cet\u0103\u021beniei active;<\/p>\n<p>S\u0103 formeze absolven\u021bi care s\u0103 se integreze activ \u0219i constructiv \u00een grupuri sociale diferite: familie, mediu social, societate \u00een general;<\/p>\n<p>S\u0103 cultive sensibilitatea fa\u021b\u0103 de valorile moral-civice, respectul pentru om, natur\u0103, mediu \u00eenconjur\u0103tor.<\/p>\n<h3 style=\"text-align: center;\"><strong>Educa<\/strong><strong>\u021bie \u0219i cultur\u0103<\/strong><\/h3>\n<p>\u00cen cadrul \u0219colii noastre se desf\u0103\u0219oar\u0103 activit\u0103\u021bi cultural-artistice\u00a0 cu ocazia unor evenimente: Ziua na\u021bional\u0103 a Rom\u00e2niei, Ziua m\u0103r\u021bi\u0219orului, Ziua interna\u021bional\u0103 a femeii, s\u0103rbatori pascale, s\u0103rb\u0103tori de iarna \u2013 tradi\u021bii \u0219i obiceiuri, concursuri de muzic\u0103 \u0219i dans<\/p>\n<h3><\/h3>\n<h3 style=\"text-align: center;\"><\/h3>\n","protected":false},"excerpt":{"rendered":"<p>&#8212;&#8212;&#8212;&#8212;&#8212;&#8212;&#8212;&#8212;&#8212;&#8212;&#8212;&#8212;&#8212;&#8212;&#8212;&#8212;&#8212;&#8212;&#8212;&#8212; Programul activit\u0103\u021bilor de \u00eenv\u0103\u021bare conform orarului \u0219colii : PROGRAM PRESCOLARI 7:30-12:30 CICLUL PRIMAR 8:00-11:30 CICLUL GIMNAZIAL 12:30-18:20 &#8212;&#8212;&#8212;&#8212;&#8212;&#8212;&#8212;&#8212;&#8212;&#8212;&#8212;&#8212;&#8212;&#8212;&#8212;&#8212;&#8212;&#8212;&#8212;&#8212;&#8211; \u0218coala \u0219i comunitatea \u0218coala Gimnazial\u0103 nr. 1 se afl\u0103 \u00een Mun\u021bii Siriu, pe valea B\u00e2sc\u0103i Chiojdului.Cl\u0103direa \u0219colii a fost dat\u0103 \u00een folosin\u021b\u0103 \u00een anul 2013, construit\u0103 datorit\u0103 acces\u0103rii unui proiect cu Banca Mondial\u0103. Cl\u0103direa are 4 [&hellip;]<\/p>\n","protected":false},"author":1,"featured_media":0,"parent":0,"menu_order":0,"comment_status":"closed","ping_status":"closed","template":"","meta":[],"_links":{"self":[{"href":"https:\/\/www.scoalacatinabuzau.ro\/index.php?rest_route=\/wp\/v2\/pages\/4"}],"collection":[{"href":"https:\/\/www.scoalacatinabuzau.ro\/index.php?rest_route=\/wp\/v2\/pages"}],"about":[{"href":"https:\/\/www.scoalacatinabuzau.ro\/index.php?rest_route=\/wp\/v2\/types\/page"}],"author":[{"embeddable":true,"href":"https:\/\/www.scoalacatinabuzau.ro\/index.php?rest_route=\/wp\/v2\/users\/1"}],"replies":[{"embeddable":true,"href":"https:\/\/www.scoalacatinabuzau.ro\/index.php?rest_route=%2Fwp%2Fv2%2Fcomments&post=4"}],"version-history":[{"count":24,"href":"https:\/\/www.scoalacatinabuzau.ro\/index.php?rest_route=\/wp\/v2\/pages\/4\/revisions"}],"predecessor-version":[{"id":257,"href":"https:\/\/www.scoalacatinabuzau.ro\/index.php?rest_route=\/wp\/v2\/pages\/4\/revisions\/257"}],"wp:attachment":[{"href":"https:\/\/www.scoalacatinabuzau.ro\/index.php?rest_route=%2Fwp%2Fv2%2Fmedia&parent=4"}],"curies":[{"name":"wp","href":"https:\/\/api.w.org\/{rel}","templated":true}]}}